{"id":7363,"date":"2021-07-21T15:14:22","date_gmt":"2021-07-21T15:14:22","guid":{"rendered":"https:\/\/www.klaimet.com\/?post_type=product&#038;p=7363"},"modified":"2023-04-19T07:45:58","modified_gmt":"2023-04-19T07:45:58","slug":"hiit-t-shirt","status":"publish","type":"product","link":"https:\/\/www.klaimet.com\/fi\/tuote\/hiit-t-shirt\/","title":{"rendered":"&#039;hiit t-paita"},"content":{"rendered":"<p>[et_pb_section fb_built=&#8221;1&#8243; _builder_version=&#8221;4.9.9&#8243; width=&#8221;100%&#8221; custom_margin=&#8221;0px|0px||0px|false|false&#8221; custom_padding=&#8221;0px|0px||0px|false|false&#8221; global_colors_info=&#8221;{}&#8221;][et_pb_row _builder_version=&#8221;4.9.9&#8243; background_size=&#8221;initial&#8221; background_position=&#8221;top_left&#8221; background_repeat=&#8221;repeat&#8221; width=&#8221;100%&#8221; custom_margin=&#8221;0px||||false|false&#8221; custom_padding=&#8221;0px||0px||false|false&#8221; global_colors_info=&#8221;{}&#8221;][et_pb_column type=&#8221;4_4&#8243; _builder_version=&#8221;4.9.9&#8243; custom_padding=&#8221;0px||0px||false|false&#8221; global_colors_info=&#8221;{}&#8221; custom_padding__hover=&#8221;|||&#8221;][et_pb_wc_breadcrumb disabled_on=&#8221;on|on|on&#8221; admin_label=&#8221;Woo Breadcrumb&#8221; _builder_version=&#8221;4.6.6&#8243; disabled=&#8221;on&#8221; global_colors_info=&#8221;{}&#8221;][\/et_pb_wc_breadcrumb][et_pb_wc_cart_notice custom_margin=&#8221;4em|0em|2em|0em|false|false&#8221; custom_margin_tablet=&#8221;&#8221; custom_margin_phone=&#8221;5em|0em|2em|0em|false|false&#8221; custom_margin_last_edited=&#8221;on|tablet&#8221; global_colors_info=&#8221;{}&#8221;][\/et_pb_wc_cart_notice][\/et_pb_column][\/et_pb_row][et_pb_row column_structure=&#8221;1_3,1_3,1_3&#8243; custom_padding_last_edited=&#8221;on|phone&#8221; _builder_version=&#8221;4.9.9&#8243; background_size=&#8221;initial&#8221; background_position=&#8221;top_left&#8221; background_repeat=&#8221;repeat&#8221; width=&#8221;100%&#8221; max_width=&#8221;1250px&#8221; custom_margin=&#8221;0px|0px||0px|false|false&#8221; custom_padding=&#8221;40px|0px||40px|false|false&#8221; custom_padding_tablet=&#8221;0px|20px||20px|false|false&#8221; custom_padding_phone=&#8221;0px|0px||0px|false|false&#8221; global_colors_info=&#8221;{}&#8221;][et_pb_column type=&#8221;1_3&#8243; _builder_version=&#8221;4.9.9&#8243; _module_preset=&#8221;default&#8221; custom_padding_tablet=&#8221;&#8221; custom_padding_phone=&#8221;||0px||false|false&#8221; custom_padding_last_edited=&#8221;on|phone&#8221; global_colors_info=&#8221;{}&#8221;][et_pb_wc_images _builder_version=&#8221;4.9.9&#8243; background_color=&#8221;RGBA(0,0,0,0)&#8221; custom_margin_tablet=&#8221;&#8221; custom_margin_phone=&#8221;|0px|0px|0px|false|false&#8221; custom_margin_last_edited=&#8221;on|phone&#8221; custom_padding_tablet=&#8221;&#8221; custom_padding_phone=&#8221;|0px|0px|0px|false|false&#8221; custom_padding_last_edited=&#8221;on|phone&#8221; box_shadow_style_image=&#8221;preset4&#8243; global_colors_info=&#8221;{}&#8221;][\/et_pb_wc_images][\/et_pb_column][et_pb_column type=&#8221;1_3&#8243; _builder_version=&#8221;4.9.9&#8243; custom_padding=&#8221;0px||||false|false&#8221; custom_padding_tablet=&#8221;&#8221; custom_padding_phone=&#8221;0px|20px||20px|false|false&#8221; custom_padding_last_edited=&#8221;on|phone&#8221; global_colors_info=&#8221;{}&#8221; custom_padding__hover=&#8221;|||&#8221;][et_pb_wc_title _builder_version=&#8221;4.9.9&#8243; custom_margin_tablet=&#8221;&#8221; custom_margin_phone=&#8221;-20px||||false|false&#8221; custom_margin_last_edited=&#8221;on|phone&#8221; custom_padding_tablet=&#8221;&#8221; custom_padding_phone=&#8221;0px||||false|false&#8221; custom_padding_last_edited=&#8221;on|phone&#8221; global_colors_info=&#8221;{}&#8221; custom_css_main_element_last_edited=&#8221;on|tablet&#8221; custom_css_main_element_phone=&#8221;width: 70%!important;||float: left!important;&#8221;][\/et_pb_wc_title][et_pb_wc_price _builder_version=&#8221;4.9.9&#8243; custom_margin_tablet=&#8221;&#8221; custom_margin_phone=&#8221;-24px||20px||false|false&#8221; custom_margin_last_edited=&#8221;on|phone&#8221; custom_padding=&#8221;0px||||false|false&#8221; global_colors_info=&#8221;{}&#8221; custom_css_main_element_last_edited=&#8221;on|phone&#8221; custom_css_main_element_phone=&#8221;width: 30%!important;||float: left!important;&#8221;][\/et_pb_wc_price][et_pb_wc_description _builder_version=&#8221;4.9.9&#8243; body_font_size=&#8221;16px&#8221; custom_margin=&#8221;||0px||false|false&#8221; custom_padding=&#8221;||0px||false|false&#8221; custom_css_main_element=&#8221;\t||&#8221; global_colors_info=&#8221;{}&#8221; custom_css_main_element_last_edited=&#8221;on|phone&#8221; custom_css_main_element_phone=&#8221;width: 100%!important;||float: left!important;&#8221; custom_css_main_element_tablet=&#8221;\t||&#8221;][\/et_pb_wc_description][et_pb_wc_add_to_cart fields_custom_margin=&#8221;||15px||false|false&#8221; fields_custom_padding=&#8221;||||false|false&#8221; custom_button=&#8221;on&#8221; button_custom_margin=&#8221;||||false|false&#8221; custom_margin=&#8221;0px||40px||false|false&#8221; custom_padding=&#8221;0px||0px||false|false&#8221; global_colors_info=&#8221;{}&#8221;][\/et_pb_wc_add_to_cart][\/et_pb_column][et_pb_column type=&#8221;1_3&#8243; _builder_version=&#8221;4.9.9&#8243; custom_padding=&#8221;|||&#8221; custom_padding_tablet=&#8221;&#8221; custom_padding_phone=&#8221;|20px||20px|false|false&#8221; custom_padding_last_edited=&#8221;on|phone&#8221; global_colors_info=&#8221;{}&#8221; custom_padding__hover=&#8221;|||&#8221;][et_pb_toggle title=&#8221;Make a difference!&#8221; _builder_version=&#8221;4.9.10&#8243; _module_preset=&#8221;default&#8221; body_font_size=&#8221;15px&#8221; body_line_height=&#8221;1.6em&#8221; body_line_height_tablet=&#8221;&#8221; body_line_height_phone=&#8221;&#8221; body_line_height_last_edited=&#8221;on|phone&#8221; global_colors_info=&#8221;{}&#8221;]<\/p>\n<p>Tyylik\u00e4s unisex t-paita jokaiseen tilanteeseen, valmistettu 100% tekstiili- ja muovij\u00e4tteest\u00e4. T-paita on jokaisen vaatekaapin kulmakivi, joka sopii t\u00e4ydellisesti useiden erilaisten asukokonaisuuksien stailaamiseen. Nyt sinulla on mahdollisuus p\u00e4ivitt\u00e4\u00e4 vaatekaappisi uudelle tasolle, jossa uudella ei ole mit\u00e4\u00e4n tekemist\u00e4 uusien materiaalien kanssa eik\u00e4 n\u00e4ill\u00e4 vaatteilla kasvateta maapallon j\u00e4tem\u00e4\u00e4ri\u00e4.<\/p>\n<p>[\/et_pb_toggle][et_pb_toggle title=&#8221;Product information&#8221; _builder_version=&#8221;4.13.1&#8243; _module_preset=&#8221;default&#8221; body_font_size=&#8221;15px&#8221; body_line_height=&#8221;1.6em&#8221; global_colors_info=&#8221;{}&#8221;]<\/p>\n<p>Design: Unisex<br \/>Koot: XS-XXL<br \/>Valmistettu kokonaan EU:ssa, valmistusmaa Portugali ja suunniteltu Suomessa.<br \/><span>Materiaali: 50% kierr\u00e4tetty puuvilla, 47% kierr\u00e4tetty polyesteri ja 3% muut kierr\u00e4tyskuidut<\/span><br \/>Paino: 150 g\/m2<br \/>Set-in hihat<\/p>\n<p>[\/et_pb_toggle][et_pb_toggle title=&#8221;Shipping information&#8221; _builder_version=&#8221;4.11.2&#8243; _module_preset=&#8221;default&#8221; body_font_size=&#8221;15px&#8221; body_line_height=&#8221;1.6em&#8221; global_colors_info=&#8221;{}&#8221;]<\/p>\n<p>Normaali toimitusaika 3-5 arkip\u00e4iv\u00e4\u00e4, muista my\u00f6s aina ilmainen 14 vuodokauden vaihto\/palautusoikeus.<\/p>\n<p>T\u00e4m\u00e4 on tuotteen toimitusaika Suomeen.<\/p>\n<p>[\/et_pb_toggle][et_pb_text _builder_version=&#8221;4.9.9&#8243; _module_preset=&#8221;default&#8221; custom_margin=&#8221;40px||15px||false|false&#8221; custom_margin_tablet=&#8221;&#8221; custom_margin_phone=&#8221;60px||15px||false|false&#8221; custom_margin_last_edited=&#8221;on|tablet&#8221; custom_padding=&#8221;0px||0px||false|false&#8221; global_colors_info=&#8221;{}&#8221;]<\/p>\n<h2 style=\"text-align: center;\"><strong>'KLAIMET\u00ae KOKO-OPAS<\/strong><\/h2>\n<p>[\/et_pb_text][et_pb_gallery gallery_ids=&#8221;4281,4282,4283,4284,4285&#8243; fullwidth=&#8221;on&#8221; _builder_version=&#8221;4.9.9&#8243; _module_preset=&#8221;default&#8221; custom_margin=&#8221;|2px|||false|false&#8221; custom_padding=&#8221;||||false|false&#8221; custom_css_main_element=&#8221;width: 49%!important;||float: left!important;&#8221; global_colors_info=&#8221;{}&#8221; custom_css_main_element_last_edited=&#8221;on|phone&#8221; custom_css_main_element_phone=&#8221;width: 47%!important;||float: left!important;&#8221; custom_css_main_element_tablet=&#8221;width: 49%!important;||float: left!important;&#8221;][\/et_pb_gallery][et_pb_gallery gallery_ids=&#8221;4287,4288,4289,4290,4291&#8243; fullwidth=&#8221;on&#8221; _builder_version=&#8221;4.9.9&#8243; _module_preset=&#8221;default&#8221; custom_margin=&#8221;|||5px|false|false&#8221; custom_css_main_element=&#8221;width: 49%!important;||float: left!important;&#8221; global_colors_info=&#8221;{}&#8221; custom_css_main_element_last_edited=&#8221;on|phone&#8221; custom_css_main_element_phone=&#8221;width: 47%!important;||float: left!important;&#8221; custom_css_main_element_tablet=&#8221;width: 49%!important;||float: left!important;&#8221;][\/et_pb_gallery][et_pb_text _builder_version=&#8221;4.9.9&#8243; _module_preset=&#8221;default&#8221; header_5_font_size=&#8221;14px&#8221; custom_margin=&#8221;|0px||0px|false|false&#8221; custom_padding=&#8221;|0px||0px|false|false&#8221; header_5_font_size_tablet=&#8221;&#8221; header_5_font_size_phone=&#8221;12px&#8221; header_5_font_size_last_edited=&#8221;on|phone&#8221; custom_css_main_element=&#8221;width: 49%!important;||float: left!important;&#8221; global_colors_info=&#8221;{}&#8221; custom_css_main_element_last_edited=&#8221;on|phone&#8221; custom_css_main_element_phone=&#8221;width: 49%!important;||float: left!important;&#8221; custom_css_main_element_tablet=&#8221;width: 49%!important;||float: left!important;&#8221;]<\/p>\n<h5 style=\"text-align: center;\">MALLIN PITUUS 160CM.<\/h5>\n<p>[\/et_pb_text][et_pb_text _builder_version=&#8221;4.9.9&#8243; _module_preset=&#8221;default&#8221; header_5_text_align=&#8221;center&#8221; header_5_font_size=&#8221;14px&#8221; custom_margin=&#8221;|0px||0px|false|false&#8221; custom_padding=&#8221;|0px||0px|false|false&#8221; header_5_font_size_tablet=&#8221;&#8221; header_5_font_size_phone=&#8221;12px&#8221; header_5_font_size_last_edited=&#8221;on|phone&#8221; custom_css_main_element=&#8221;width: 49%!important;||float: left!important;&#8221; global_colors_info=&#8221;{}&#8221; custom_css_main_element_last_edited=&#8221;on|phone&#8221; custom_css_main_element_phone=&#8221;width: 49%!important;||float: left!important;&#8221; custom_css_main_element_tablet=&#8221;width: 49%!important;||float: left!important;&#8221;]<\/p>\n<h5 style=\"text-align: center;\">MALLIN PITUUS 186CM.<\/h5>\n<p>[\/et_pb_text][\/et_pb_column][\/et_pb_row][et_pb_row _builder_version=&#8221;4.9.9&#8243; background_size=&#8221;initial&#8221; background_position=&#8221;top_left&#8221; background_repeat=&#8221;repeat&#8221; width=&#8221;100%&#8221; custom_margin=&#8221;60px||||false|false&#8221; custom_margin_tablet=&#8221;0px||||false|false&#8221; custom_margin_phone=&#8221;0px||||false|false&#8221; custom_margin_last_edited=&#8221;on|tablet&#8221; global_colors_info=&#8221;{}&#8221;][et_pb_column type=&#8221;4_4&#8243; _builder_version=&#8221;3.25&#8243; custom_padding=&#8221;|||&#8221; global_colors_info=&#8221;{}&#8221; custom_padding__hover=&#8221;|||&#8221;][et_pb_wc_description description_type=&#8221;description&#8221; _builder_version=&#8221;4.6.6&#8243; global_colors_info=&#8221;{}&#8221;][\/et_pb_wc_description][et_pb_wc_upsells _builder_version=&#8221;3.0.47&#8243; global_colors_info=&#8221;{}&#8221;][\/et_pb_wc_upsells][et_pb_wc_related_products _builder_version=&#8221;4.9.9&#8243; custom_margin_tablet=&#8221;|20px||20px|false|false&#8221; custom_margin_phone=&#8221;|20px||20px|false|false&#8221; custom_margin_last_edited=&#8221;on|phone&#8221; global_colors_info=&#8221;{}&#8221;][\/et_pb_wc_related_products][\/et_pb_column][\/et_pb_row][\/et_pb_section]<\/p>","protected":false},"excerpt":{"rendered":"<p><strong><span style=\"color: #000000;\">Valitsemalla yhden \u2018Klaimet\u00ae t-paidan:<\/span><\/strong><\/p>\n<ul>\n<li><span style=\"font-weight: 400; color: #000000;\">S\u00e4\u00e4styy 1800 litraa vett\u00e4<\/span><\/li>\n<li><span style=\"font-weight: 400; color: #000000;\">S\u00e4\u00e4styy 2800 grammaa CO2 p\u00e4\u00e4st\u00f6j\u00e4<\/span><\/li>\n<li><span style=\"font-weight: 400; color: #000000;\">S\u00e4\u00e4styy 6,8 kWh energiaa<\/span><\/li>\n<li><span style=\"font-weight: 400; color: #000000;\">Hy\u00f6dynnet\u00e4\u00e4n 5 kierr\u00e4tetty\u00e4 muovipulloa<\/span><\/li>\n<\/ul>","protected":false},"featured_media":229977,"template":"","meta":{"_et_pb_use_builder":"on","_et_pb_old_content":"","_et_gb_content_width":""},"product_brand":[],"product_cat":[15,386],"product_tag":[],"class_list":{"0":"post-7363","1":"product","2":"type-product","3":"status-publish","4":"has-post-thumbnail","6":"product_cat-all-products","7":"product_cat-t-shirts","9":"first","10":"outofstock","11":"taxable","12":"shipping-taxable","13":"purchasable","14":"product-type-variable"},"yoast_head":"<!-- This site is optimized with the Yoast SEO plugin v26.9 - https:\/\/yoast.com\/product\/yoast-seo-wordpress\/ -->\n<title>&#039;hiit t-shirt - Klaimet<\/title>\n<meta name=\"robots\" content=\"index, follow, max-snippet:-1, max-image-preview:large, max-video-preview:-1\" \/>\n<link rel=\"canonical\" href=\"https:\/\/www.klaimet.com\/fi\/tuote\/hiit-t-shirt\/\" \/>\n<meta property=\"og:locale\" content=\"fi_FI\" \/>\n<meta property=\"og:type\" content=\"article\" \/>\n<meta property=\"og:title\" content=\"&#039;hiit t-shirt - Klaimet\" \/>\n<meta property=\"og:description\" content=\"The environmental impact when choosing one \u2018Klaimet\u00ae t-shirt:   1800 litres of water saved  2800 grams of CO2 emissions saved  6,8 kWh of energy saved  5 recycled plastic bottles up cycled\" \/>\n<meta property=\"og:url\" content=\"https:\/\/www.klaimet.com\/fi\/tuote\/hiit-t-shirt\/\" \/>\n<meta property=\"og:site_name\" content=\"Klaimet\" \/>\n<meta property=\"article:publisher\" content=\"https:\/\/www.facebook.com\/Klaimet\/\" \/>\n<meta property=\"article:modified_time\" content=\"2023-04-19T07:45:58+00:00\" \/>\n<meta property=\"og:image\" content=\"https:\/\/www.klaimet.com\/wp-content\/uploads\/2021\/08\/hiit-white-t-shirt.jpg\" \/>\n\t<meta property=\"og:image:width\" content=\"690\" \/>\n\t<meta property=\"og:image:height\" content=\"1028\" \/>\n\t<meta property=\"og:image:type\" content=\"image\/jpeg\" \/>\n<meta name=\"twitter:card\" content=\"summary_large_image\" \/>\n<script type=\"application\/ld+json\" class=\"yoast-schema-graph\">{\"@context\":\"https:\/\/schema.org\",\"@graph\":[{\"@type\":\"WebPage\",\"@id\":\"https:\/\/www.klaimet.com\/product\/hiit-t-shirt\/\",\"url\":\"https:\/\/www.klaimet.com\/product\/hiit-t-shirt\/\",\"name\":\"'hiit t-shirt - Klaimet\",\"isPartOf\":{\"@id\":\"https:\/\/www.klaimet.com\/#website\"},\"primaryImageOfPage\":{\"@id\":\"https:\/\/www.klaimet.com\/product\/hiit-t-shirt\/#primaryimage\"},\"image\":{\"@id\":\"https:\/\/www.klaimet.com\/product\/hiit-t-shirt\/#primaryimage\"},\"thumbnailUrl\":\"https:\/\/www.klaimet.com\/wp-content\/uploads\/2021\/08\/hiit-white-t-shirt.jpg\",\"datePublished\":\"2021-07-21T15:14:22+00:00\",\"dateModified\":\"2023-04-19T07:45:58+00:00\",\"breadcrumb\":{\"@id\":\"https:\/\/www.klaimet.com\/product\/hiit-t-shirt\/#breadcrumb\"},\"inLanguage\":\"fi\",\"potentialAction\":[{\"@type\":\"ReadAction\",\"target\":[\"https:\/\/www.klaimet.com\/product\/hiit-t-shirt\/\"]}]},{\"@type\":\"ImageObject\",\"inLanguage\":\"fi\",\"@id\":\"https:\/\/www.klaimet.com\/product\/hiit-t-shirt\/#primaryimage\",\"url\":\"https:\/\/www.klaimet.com\/wp-content\/uploads\/2021\/08\/hiit-white-t-shirt.jpg\",\"contentUrl\":\"https:\/\/www.klaimet.com\/wp-content\/uploads\/2021\/08\/hiit-white-t-shirt.jpg\",\"width\":690,\"height\":1028},{\"@type\":\"BreadcrumbList\",\"@id\":\"https:\/\/www.klaimet.com\/product\/hiit-t-shirt\/#breadcrumb\",\"itemListElement\":[{\"@type\":\"ListItem\",\"position\":1,\"name\":\"Home\",\"item\":\"https:\/\/www.klaimet.com\/\"},{\"@type\":\"ListItem\",\"position\":2,\"name\":\"Store\",\"item\":\"https:\/\/www.klaimet.com\/store\/\"},{\"@type\":\"ListItem\",\"position\":3,\"name\":\"&#8216;hiit t-shirt\"}]},{\"@type\":\"WebSite\",\"@id\":\"https:\/\/www.klaimet.com\/#website\",\"url\":\"https:\/\/www.klaimet.com\/\",\"name\":\"Klaimet\",\"description\":\"Clothes made from recycled materials\",\"potentialAction\":[{\"@type\":\"SearchAction\",\"target\":{\"@type\":\"EntryPoint\",\"urlTemplate\":\"https:\/\/www.klaimet.com\/?s={search_term_string}\"},\"query-input\":{\"@type\":\"PropertyValueSpecification\",\"valueRequired\":true,\"valueName\":\"search_term_string\"}}],\"inLanguage\":\"fi\"}]}<\/script>\n<!-- \/ Yoast SEO plugin. -->","yoast_head_json":{"title":"'hiit t-shirt - Klaimet","robots":{"index":"index","follow":"follow","max-snippet":"max-snippet:-1","max-image-preview":"max-image-preview:large","max-video-preview":"max-video-preview:-1"},"canonical":"https:\/\/www.klaimet.com\/fi\/tuote\/hiit-t-shirt\/","og_locale":"fi_FI","og_type":"article","og_title":"'hiit t-shirt - Klaimet","og_description":"The environmental impact when choosing one \u2018Klaimet\u00ae t-shirt:   1800 litres of water saved  2800 grams of CO2 emissions saved  6,8 kWh of energy saved  5 recycled plastic bottles up cycled","og_url":"https:\/\/www.klaimet.com\/fi\/tuote\/hiit-t-shirt\/","og_site_name":"Klaimet","article_publisher":"https:\/\/www.facebook.com\/Klaimet\/","article_modified_time":"2023-04-19T07:45:58+00:00","og_image":[{"width":690,"height":1028,"url":"https:\/\/www.klaimet.com\/wp-content\/uploads\/2021\/08\/hiit-white-t-shirt.jpg","type":"image\/jpeg"}],"twitter_card":"summary_large_image","schema":{"@context":"https:\/\/schema.org","@graph":[{"@type":"WebPage","@id":"https:\/\/www.klaimet.com\/product\/hiit-t-shirt\/","url":"https:\/\/www.klaimet.com\/product\/hiit-t-shirt\/","name":"'hiit t-shirt - Klaimet","isPartOf":{"@id":"https:\/\/www.klaimet.com\/#website"},"primaryImageOfPage":{"@id":"https:\/\/www.klaimet.com\/product\/hiit-t-shirt\/#primaryimage"},"image":{"@id":"https:\/\/www.klaimet.com\/product\/hiit-t-shirt\/#primaryimage"},"thumbnailUrl":"https:\/\/www.klaimet.com\/wp-content\/uploads\/2021\/08\/hiit-white-t-shirt.jpg","datePublished":"2021-07-21T15:14:22+00:00","dateModified":"2023-04-19T07:45:58+00:00","breadcrumb":{"@id":"https:\/\/www.klaimet.com\/product\/hiit-t-shirt\/#breadcrumb"},"inLanguage":"fi","potentialAction":[{"@type":"ReadAction","target":["https:\/\/www.klaimet.com\/product\/hiit-t-shirt\/"]}]},{"@type":"ImageObject","inLanguage":"fi","@id":"https:\/\/www.klaimet.com\/product\/hiit-t-shirt\/#primaryimage","url":"https:\/\/www.klaimet.com\/wp-content\/uploads\/2021\/08\/hiit-white-t-shirt.jpg","contentUrl":"https:\/\/www.klaimet.com\/wp-content\/uploads\/2021\/08\/hiit-white-t-shirt.jpg","width":690,"height":1028},{"@type":"BreadcrumbList","@id":"https:\/\/www.klaimet.com\/product\/hiit-t-shirt\/#breadcrumb","itemListElement":[{"@type":"ListItem","position":1,"name":"Home","item":"https:\/\/www.klaimet.com\/"},{"@type":"ListItem","position":2,"name":"Store","item":"https:\/\/www.klaimet.com\/store\/"},{"@type":"ListItem","position":3,"name":"&#8216;hiit t-shirt"}]},{"@type":"WebSite","@id":"https:\/\/www.klaimet.com\/#website","url":"https:\/\/www.klaimet.com\/","name":"Klaimet","description":"Clothes made from recycled materials","potentialAction":[{"@type":"SearchAction","target":{"@type":"EntryPoint","urlTemplate":"https:\/\/www.klaimet.com\/?s={search_term_string}"},"query-input":{"@type":"PropertyValueSpecification","valueRequired":true,"valueName":"search_term_string"}}],"inLanguage":"fi"}]}},"_links":{"self":[{"href":"https:\/\/www.klaimet.com\/fi\/wp-json\/wp\/v2\/product\/7363","targetHints":{"allow":["GET"]}}],"collection":[{"href":"https:\/\/www.klaimet.com\/fi\/wp-json\/wp\/v2\/product"}],"about":[{"href":"https:\/\/www.klaimet.com\/fi\/wp-json\/wp\/v2\/types\/product"}],"wp:featuredmedia":[{"embeddable":true,"href":"https:\/\/www.klaimet.com\/fi\/wp-json\/wp\/v2\/media\/229977"}],"wp:attachment":[{"href":"https:\/\/www.klaimet.com\/fi\/wp-json\/wp\/v2\/media?parent=7363"}],"wp:term":[{"taxonomy":"product_brand","embeddable":true,"href":"https:\/\/www.klaimet.com\/fi\/wp-json\/wp\/v2\/product_brand?post=7363"},{"taxonomy":"product_cat","embeddable":true,"href":"https:\/\/www.klaimet.com\/fi\/wp-json\/wp\/v2\/product_cat?post=7363"},{"taxonomy":"product_tag","embeddable":true,"href":"https:\/\/www.klaimet.com\/fi\/wp-json\/wp\/v2\/product_tag?post=7363"}],"curies":[{"name":"wp","href":"https:\/\/api.w.org\/{rel}","templated":true}]}}