{"id":6285,"date":"2020-12-14T11:12:01","date_gmt":"2020-12-14T11:12:01","guid":{"rendered":"https:\/\/www.klaimet.com\/product\/gift-card\/"},"modified":"2021-12-10T13:41:39","modified_gmt":"2021-12-10T13:41:39","slug":"gift-card","status":"publish","type":"product","link":"https:\/\/www.klaimet.com\/fi\/tuote\/gift-card\/","title":{"rendered":"Lahjakortti"},"content":{"rendered":"<p>[et_pb_section fb_built=&#8221;1&#8243; _builder_version=&#8221;4.9.9&#8243; width=&#8221;100%&#8221; custom_margin=&#8221;0px|0px||0px|false|false&#8221; custom_padding=&#8221;0px|0px||0px|false|false&#8221; global_colors_info=&#8221;{}&#8221;][et_pb_row _builder_version=&#8221;4.9.9&#8243; background_size=&#8221;initial&#8221; background_position=&#8221;top_left&#8221; background_repeat=&#8221;repeat&#8221; width=&#8221;100%&#8221; custom_margin=&#8221;0px||||false|false&#8221; custom_padding=&#8221;0px||0px||false|false&#8221; global_colors_info=&#8221;{}&#8221;][et_pb_column type=&#8221;4_4&#8243; _builder_version=&#8221;4.9.9&#8243; custom_padding=&#8221;0px||0px||false|false&#8221; global_colors_info=&#8221;{}&#8221; custom_padding__hover=&#8221;|||&#8221;][et_pb_wc_breadcrumb disabled_on=&#8221;on|on|on&#8221; admin_label=&#8221;Woo Breadcrumb&#8221; _builder_version=&#8221;4.6.6&#8243; disabled=&#8221;on&#8221; global_colors_info=&#8221;{}&#8221;][\/et_pb_wc_breadcrumb][et_pb_wc_cart_notice custom_margin=&#8221;4em|0em|2em|0em|false|false&#8221; custom_margin_tablet=&#8221;&#8221; custom_margin_phone=&#8221;5em|0em|2em|0em|false|false&#8221; custom_margin_last_edited=&#8221;on|tablet&#8221; global_colors_info=&#8221;{}&#8221;][\/et_pb_wc_cart_notice][\/et_pb_column][\/et_pb_row][et_pb_row column_structure=&#8221;1_3,1_3,1_3&#8243; custom_padding_last_edited=&#8221;on|phone&#8221; _builder_version=&#8221;4.9.9&#8243; background_size=&#8221;initial&#8221; background_position=&#8221;top_left&#8221; background_repeat=&#8221;repeat&#8221; width=&#8221;100%&#8221; max_width=&#8221;1250px&#8221; custom_margin=&#8221;0px|0px||0px|false|false&#8221; custom_padding=&#8221;40px|0px||40px|false|false&#8221; custom_padding_tablet=&#8221;0px|20px||20px|false|false&#8221; custom_padding_phone=&#8221;0px|0px||0px|false|false&#8221; global_colors_info=&#8221;{}&#8221;][et_pb_column type=&#8221;1_3&#8243; _builder_version=&#8221;4.9.9&#8243; _module_preset=&#8221;default&#8221; custom_padding_tablet=&#8221;&#8221; custom_padding_phone=&#8221;||0px||false|false&#8221; custom_padding_last_edited=&#8221;on|phone&#8221; global_colors_info=&#8221;{}&#8221;][et_pb_wc_images _builder_version=&#8221;4.9.9&#8243; background_color=&#8221;RGBA(0,0,0,0)&#8221; custom_margin_tablet=&#8221;&#8221; custom_margin_phone=&#8221;|0px|0px|0px|false|false&#8221; custom_margin_last_edited=&#8221;on|phone&#8221; custom_padding_tablet=&#8221;&#8221; custom_padding_phone=&#8221;|0px|0px|0px|false|false&#8221; custom_padding_last_edited=&#8221;on|phone&#8221; box_shadow_style_image=&#8221;preset4&#8243; global_colors_info=&#8221;{}&#8221;][\/et_pb_wc_images][\/et_pb_column][et_pb_column type=&#8221;1_3&#8243; _builder_version=&#8221;4.9.9&#8243; custom_padding=&#8221;0px||||false|false&#8221; custom_padding_tablet=&#8221;&#8221; custom_padding_phone=&#8221;0px|20px||20px|false|false&#8221; custom_padding_last_edited=&#8221;on|phone&#8221; global_colors_info=&#8221;{}&#8221; custom_padding__hover=&#8221;|||&#8221;][et_pb_wc_title _builder_version=&#8221;4.9.9&#8243; custom_margin_tablet=&#8221;&#8221; custom_margin_phone=&#8221;-20px||||false|false&#8221; custom_margin_last_edited=&#8221;on|phone&#8221; custom_padding_tablet=&#8221;&#8221; custom_padding_phone=&#8221;0px||||false|false&#8221; custom_padding_last_edited=&#8221;on|phone&#8221; global_colors_info=&#8221;{}&#8221; custom_css_main_element_last_edited=&#8221;on|tablet&#8221; custom_css_main_element_phone=&#8221;width: 70%!important;||float: left!important;&#8221;][\/et_pb_wc_title][et_pb_wc_price _builder_version=&#8221;4.9.9&#8243; custom_margin_tablet=&#8221;&#8221; custom_margin_phone=&#8221;-24px||20px||false|false&#8221; custom_margin_last_edited=&#8221;on|phone&#8221; custom_padding=&#8221;0px||||false|false&#8221; global_colors_info=&#8221;{}&#8221; custom_css_main_element_last_edited=&#8221;on|phone&#8221; custom_css_main_element_phone=&#8221;width: 30%!important;||float: left!important;&#8221;][\/et_pb_wc_price][et_pb_wc_description _builder_version=&#8221;4.9.9&#8243; body_font_size=&#8221;16px&#8221; custom_margin=&#8221;||0px||false|false&#8221; custom_padding=&#8221;||0px||false|false&#8221; custom_css_main_element=&#8221; ||&#8221; global_colors_info=&#8221;{}&#8221; custom_css_main_element_last_edited=&#8221;on|phone&#8221; custom_css_main_element_phone=&#8221;width: 100%!important;||float: left!important;&#8221; custom_css_main_element_tablet=&#8221; ||&#8221;][\/et_pb_wc_description][et_pb_wc_add_to_cart fields_custom_margin=&#8221;||15px||false|false&#8221; fields_custom_padding=&#8221;||||false|false&#8221; custom_button=&#8221;on&#8221; button_custom_margin=&#8221;||||false|false&#8221; custom_margin=&#8221;0px||40px||false|false&#8221; custom_padding=&#8221;0px||0px||false|false&#8221; global_colors_info=&#8221;{}&#8221;][\/et_pb_wc_add_to_cart][\/et_pb_column][et_pb_column type=&#8221;1_3&#8243; _builder_version=&#8221;4.9.9&#8243; custom_padding=&#8221;|||&#8221; custom_padding_tablet=&#8221;&#8221; custom_padding_phone=&#8221;|20px||20px|false|false&#8221; custom_padding_last_edited=&#8221;on|phone&#8221; global_colors_info=&#8221;{}&#8221; custom_padding__hover=&#8221;|||&#8221;][et_pb_toggle title=&#8221;Gift card delivery&#8221; _builder_version=&#8221;4.9.10&#8243; _module_preset=&#8221;default&#8221; body_font_size=&#8221;16px&#8221; global_colors_info=&#8221;{}&#8221;]After purchasing the gift card, you\u2019ll first receive the order confirmation and the gift card itself will be delivered within 24 hours from the purchase with e-mail.<\/p>\n<p>Please note, that order confirmation and the gift card will be delivered in separate mails. Every individual gift card purchased includes a unique code and can be found as a separate attachment from the mail.[\/et_pb_toggle][\/et_pb_column][\/et_pb_row][et_pb_row _builder_version=&#8221;4.9.9&#8243; background_size=&#8221;initial&#8221; background_position=&#8221;top_left&#8221; background_repeat=&#8221;repeat&#8221; width=&#8221;100%&#8221; custom_margin=&#8221;60px||||false|false&#8221; custom_margin_tablet=&#8221;0px||||false|false&#8221; custom_margin_phone=&#8221;0px||||false|false&#8221; custom_margin_last_edited=&#8221;on|tablet&#8221; global_colors_info=&#8221;{}&#8221;][et_pb_column type=&#8221;4_4&#8243; _builder_version=&#8221;3.25&#8243; custom_padding=&#8221;|||&#8221; global_colors_info=&#8221;{}&#8221; custom_padding__hover=&#8221;|||&#8221;][et_pb_wc_description description_type=&#8221;description&#8221; _builder_version=&#8221;4.6.6&#8243; global_colors_info=&#8221;{}&#8221;][\/et_pb_wc_description][et_pb_wc_upsells _builder_version=&#8221;3.0.47&#8243; global_colors_info=&#8221;{}&#8221;][\/et_pb_wc_upsells][et_pb_wc_related_products _builder_version=&#8221;4.9.9&#8243; custom_margin_tablet=&#8221;|20px||20px|false|false&#8221; custom_margin_phone=&#8221;|20px||20px|false|false&#8221; custom_margin_last_edited=&#8221;on|phone&#8221; global_colors_info=&#8221;{}&#8221;][\/et_pb_wc_related_products][\/et_pb_column][\/et_pb_row][\/et_pb_section]<\/p>","protected":false},"excerpt":{"rendered":"<p>Tee jonkun p\u00e4iv\u00e4st\u00e4 hieman valoisampi!<br \/>\n&#039;Klaimet-lahjakortti on t\u00e4ydellinen valinta joulu- tai syntym\u00e4p\u00e4iv\u00e4lahjaksi. Unohda lahjan antamisen kamppailu ilmastotietoisen &#039;Klaimet-lahjakortin kanssa.<\/p>\n<p>Lahjakortti on voimassa 12 kuukautta ostop\u00e4iv\u00e4st\u00e4.<\/p>","protected":false},"featured_media":230765,"template":"","meta":{"_et_pb_use_builder":"on","_et_pb_old_content":"","_et_gb_content_width":""},"product_brand":[],"product_cat":[15,390],"product_tag":[],"class_list":{"0":"post-6285","1":"product","2":"type-product","3":"status-publish","4":"has-post-thumbnail","6":"product_cat-all-products","7":"product_cat-accessories","9":"first","10":"instock","11":"taxable","12":"shipping-taxable","13":"purchasable","14":"product-type-pw-gift-card"},"yoast_head":"<!-- This site is optimized with the Yoast SEO plugin v26.9 - https:\/\/yoast.com\/product\/yoast-seo-wordpress\/ -->\n<title>Gift Card - Klaimet<\/title>\n<meta name=\"robots\" content=\"index, follow, max-snippet:-1, max-image-preview:large, max-video-preview:-1\" \/>\n<link rel=\"canonical\" href=\"https:\/\/www.klaimet.com\/fi\/tuote\/gift-card\/\" \/>\n<meta property=\"og:locale\" content=\"fi_FI\" \/>\n<meta property=\"og:type\" content=\"article\" \/>\n<meta property=\"og:title\" content=\"Gift Card - Klaimet\" \/>\n<meta property=\"og:description\" content=\"Make someone\u2019s day a little brighter! A \u2018Klaimet gift card is the perfect choice for Christmas or birthday present.\u00a0Forget the struggle of gift giving with climate conscious \u2018Klaimet gift card.  The Gift card is valid for 12 months from the purchase date.\" \/>\n<meta property=\"og:url\" content=\"https:\/\/www.klaimet.com\/fi\/tuote\/gift-card\/\" \/>\n<meta property=\"og:site_name\" content=\"Klaimet\" \/>\n<meta property=\"article:publisher\" content=\"https:\/\/www.facebook.com\/Klaimet\/\" \/>\n<meta property=\"article:modified_time\" content=\"2021-12-10T13:41:39+00:00\" \/>\n<meta property=\"og:image\" content=\"https:\/\/www.klaimet.com\/wp-content\/uploads\/2020\/12\/Klaimet-lahjakortti-2.jpg\" \/>\n\t<meta property=\"og:image:width\" content=\"984\" \/>\n\t<meta property=\"og:image:height\" content=\"1466\" \/>\n\t<meta property=\"og:image:type\" content=\"image\/jpeg\" \/>\n<meta name=\"twitter:card\" content=\"summary_large_image\" \/>\n<meta name=\"twitter:label1\" content=\"Arvioitu lukuaika\" \/>\n\t<meta name=\"twitter:data1\" content=\"4 minuuttia\" \/>\n<script type=\"application\/ld+json\" class=\"yoast-schema-graph\">{\"@context\":\"https:\/\/schema.org\",\"@graph\":[{\"@type\":\"WebPage\",\"@id\":\"https:\/\/www.klaimet.com\/product\/gift-card\/\",\"url\":\"https:\/\/www.klaimet.com\/product\/gift-card\/\",\"name\":\"Gift Card - Klaimet\",\"isPartOf\":{\"@id\":\"https:\/\/www.klaimet.com\/#website\"},\"primaryImageOfPage\":{\"@id\":\"https:\/\/www.klaimet.com\/product\/gift-card\/#primaryimage\"},\"image\":{\"@id\":\"https:\/\/www.klaimet.com\/product\/gift-card\/#primaryimage\"},\"thumbnailUrl\":\"https:\/\/www.klaimet.com\/wp-content\/uploads\/2020\/12\/Klaimet-lahjakortti-2.jpg\",\"datePublished\":\"2020-12-14T11:12:01+00:00\",\"dateModified\":\"2021-12-10T13:41:39+00:00\",\"breadcrumb\":{\"@id\":\"https:\/\/www.klaimet.com\/product\/gift-card\/#breadcrumb\"},\"inLanguage\":\"fi\",\"potentialAction\":[{\"@type\":\"ReadAction\",\"target\":[\"https:\/\/www.klaimet.com\/product\/gift-card\/\"]}]},{\"@type\":\"ImageObject\",\"inLanguage\":\"fi\",\"@id\":\"https:\/\/www.klaimet.com\/product\/gift-card\/#primaryimage\",\"url\":\"https:\/\/www.klaimet.com\/wp-content\/uploads\/2020\/12\/Klaimet-lahjakortti-2.jpg\",\"contentUrl\":\"https:\/\/www.klaimet.com\/wp-content\/uploads\/2020\/12\/Klaimet-lahjakortti-2.jpg\",\"width\":984,\"height\":1466},{\"@type\":\"BreadcrumbList\",\"@id\":\"https:\/\/www.klaimet.com\/product\/gift-card\/#breadcrumb\",\"itemListElement\":[{\"@type\":\"ListItem\",\"position\":1,\"name\":\"Home\",\"item\":\"https:\/\/www.klaimet.com\/\"},{\"@type\":\"ListItem\",\"position\":2,\"name\":\"Store\",\"item\":\"https:\/\/www.klaimet.com\/store\/\"},{\"@type\":\"ListItem\",\"position\":3,\"name\":\"Gift Card\"}]},{\"@type\":\"WebSite\",\"@id\":\"https:\/\/www.klaimet.com\/#website\",\"url\":\"https:\/\/www.klaimet.com\/\",\"name\":\"Klaimet\",\"description\":\"Clothes made from recycled materials\",\"potentialAction\":[{\"@type\":\"SearchAction\",\"target\":{\"@type\":\"EntryPoint\",\"urlTemplate\":\"https:\/\/www.klaimet.com\/?s={search_term_string}\"},\"query-input\":{\"@type\":\"PropertyValueSpecification\",\"valueRequired\":true,\"valueName\":\"search_term_string\"}}],\"inLanguage\":\"fi\"}]}<\/script>\n<!-- \/ Yoast SEO plugin. -->","yoast_head_json":{"title":"Gift Card - Klaimet","robots":{"index":"index","follow":"follow","max-snippet":"max-snippet:-1","max-image-preview":"max-image-preview:large","max-video-preview":"max-video-preview:-1"},"canonical":"https:\/\/www.klaimet.com\/fi\/tuote\/gift-card\/","og_locale":"fi_FI","og_type":"article","og_title":"Gift Card - Klaimet","og_description":"Make someone\u2019s day a little brighter! A \u2018Klaimet gift card is the perfect choice for Christmas or birthday present.\u00a0Forget the struggle of gift giving with climate conscious \u2018Klaimet gift card.  The Gift card is valid for 12 months from the purchase date.","og_url":"https:\/\/www.klaimet.com\/fi\/tuote\/gift-card\/","og_site_name":"Klaimet","article_publisher":"https:\/\/www.facebook.com\/Klaimet\/","article_modified_time":"2021-12-10T13:41:39+00:00","og_image":[{"width":984,"height":1466,"url":"https:\/\/www.klaimet.com\/wp-content\/uploads\/2020\/12\/Klaimet-lahjakortti-2.jpg","type":"image\/jpeg"}],"twitter_card":"summary_large_image","twitter_misc":{"Arvioitu lukuaika":"4 minuuttia"},"schema":{"@context":"https:\/\/schema.org","@graph":[{"@type":"WebPage","@id":"https:\/\/www.klaimet.com\/product\/gift-card\/","url":"https:\/\/www.klaimet.com\/product\/gift-card\/","name":"Gift Card - Klaimet","isPartOf":{"@id":"https:\/\/www.klaimet.com\/#website"},"primaryImageOfPage":{"@id":"https:\/\/www.klaimet.com\/product\/gift-card\/#primaryimage"},"image":{"@id":"https:\/\/www.klaimet.com\/product\/gift-card\/#primaryimage"},"thumbnailUrl":"https:\/\/www.klaimet.com\/wp-content\/uploads\/2020\/12\/Klaimet-lahjakortti-2.jpg","datePublished":"2020-12-14T11:12:01+00:00","dateModified":"2021-12-10T13:41:39+00:00","breadcrumb":{"@id":"https:\/\/www.klaimet.com\/product\/gift-card\/#breadcrumb"},"inLanguage":"fi","potentialAction":[{"@type":"ReadAction","target":["https:\/\/www.klaimet.com\/product\/gift-card\/"]}]},{"@type":"ImageObject","inLanguage":"fi","@id":"https:\/\/www.klaimet.com\/product\/gift-card\/#primaryimage","url":"https:\/\/www.klaimet.com\/wp-content\/uploads\/2020\/12\/Klaimet-lahjakortti-2.jpg","contentUrl":"https:\/\/www.klaimet.com\/wp-content\/uploads\/2020\/12\/Klaimet-lahjakortti-2.jpg","width":984,"height":1466},{"@type":"BreadcrumbList","@id":"https:\/\/www.klaimet.com\/product\/gift-card\/#breadcrumb","itemListElement":[{"@type":"ListItem","position":1,"name":"Home","item":"https:\/\/www.klaimet.com\/"},{"@type":"ListItem","position":2,"name":"Store","item":"https:\/\/www.klaimet.com\/store\/"},{"@type":"ListItem","position":3,"name":"Gift Card"}]},{"@type":"WebSite","@id":"https:\/\/www.klaimet.com\/#website","url":"https:\/\/www.klaimet.com\/","name":"Klaimet","description":"Clothes made from recycled materials","potentialAction":[{"@type":"SearchAction","target":{"@type":"EntryPoint","urlTemplate":"https:\/\/www.klaimet.com\/?s={search_term_string}"},"query-input":{"@type":"PropertyValueSpecification","valueRequired":true,"valueName":"search_term_string"}}],"inLanguage":"fi"}]}},"_links":{"self":[{"href":"https:\/\/www.klaimet.com\/fi\/wp-json\/wp\/v2\/product\/6285","targetHints":{"allow":["GET"]}}],"collection":[{"href":"https:\/\/www.klaimet.com\/fi\/wp-json\/wp\/v2\/product"}],"about":[{"href":"https:\/\/www.klaimet.com\/fi\/wp-json\/wp\/v2\/types\/product"}],"wp:featuredmedia":[{"embeddable":true,"href":"https:\/\/www.klaimet.com\/fi\/wp-json\/wp\/v2\/media\/230765"}],"wp:attachment":[{"href":"https:\/\/www.klaimet.com\/fi\/wp-json\/wp\/v2\/media?parent=6285"}],"wp:term":[{"taxonomy":"product_brand","embeddable":true,"href":"https:\/\/www.klaimet.com\/fi\/wp-json\/wp\/v2\/product_brand?post=6285"},{"taxonomy":"product_cat","embeddable":true,"href":"https:\/\/www.klaimet.com\/fi\/wp-json\/wp\/v2\/product_cat?post=6285"},{"taxonomy":"product_tag","embeddable":true,"href":"https:\/\/www.klaimet.com\/fi\/wp-json\/wp\/v2\/product_tag?post=6285"}],"curies":[{"name":"wp","href":"https:\/\/api.w.org\/{rel}","templated":true}]}}