{"id":4303,"date":"2020-09-14T06:45:19","date_gmt":"2020-09-14T06:45:19","guid":{"rendered":"https:\/\/www.klaimet.com\/?page_id=4303"},"modified":"2022-05-05T07:53:32","modified_gmt":"2022-05-05T07:53:32","slug":"size-guide","status":"publish","type":"page","link":"https:\/\/www.klaimet.com\/fi\/size-guide\/","title":{"rendered":"Size guide"},"content":{"rendered":"<p>[et_pb_section fb_built=&#8221;1&#8243; _builder_version=&#8221;4.6.6&#8243; _module_preset=&#8221;default&#8221; global_colors_info=&#8221;{}&#8221;][et_pb_row _builder_version=&#8221;4.6.6&#8243; _module_preset=&#8221;default&#8221; custom_margin=&#8221;||0px||false|false&#8221; custom_padding=&#8221;||0px||false|false&#8221; global_colors_info=&#8221;{}&#8221;][et_pb_column type=&#8221;4_4&#8243; _builder_version=&#8221;4.6.6&#8243; _module_preset=&#8221;default&#8221; global_colors_info=&#8221;{}&#8221;][et_pb_text _builder_version=&#8221;4.6.6&#8243; _module_preset=&#8221;default&#8221; header_text_color=&#8221;#000000&#8243; header_font_size=&#8221;63px&#8221; header_font_size_tablet=&#8221;48px&#8221; header_font_size_phone=&#8221;31px&#8221; header_font_size_last_edited=&#8221;on|phone&#8221; global_colors_info=&#8221;{}&#8221;]<\/p>\n<h1 style=\"text-align: center;\"><strong>'KLAIMET\u00ae KOKO-OPAS<\/strong><\/h1>\n<p>[\/et_pb_text][et_pb_text _builder_version=&#8221;4.8.2&#8243; _module_preset=&#8221;default&#8221; header_text_color=&#8221;#000000&#8243; header_font_size=&#8221;63px&#8221; custom_margin=&#8221;||0px||false|false&#8221; custom_padding=&#8221;||0px||false|false&#8221; text_font_size_tablet=&#8221;&#8221; text_font_size_phone=&#8221;16px&#8221; text_font_size_last_edited=&#8221;on|phone&#8221; header_font_size_tablet=&#8221;48px&#8221; header_font_size_phone=&#8221;31px&#8221; header_font_size_last_edited=&#8221;on|phone&#8221; global_colors_info=&#8221;{}&#8221;]<\/p>\n<div class=\"wpb_text_column wpb_content_element\">\n<div class=\"wpb_wrapper\">\n<p>Tervetuloa 'Klaimet\u00ae koko-oppaaseen. Me tied\u00e4mme, ett\u00e4 oikean koon l\u00f6yt\u00e4minen on joskus haastavaa. Toivottavasti n\u00e4iden kuvien avulla saat kuitenkin hieman paremman k\u00e4sityksen tuotteidemme mitoista ja pystyt l\u00f6yt\u00e4m\u00e4\u00e4n itsellesi parhaiten istuvan koon.<\/p>\n<\/div>\n<\/div>\n<p>&nbsp;<\/p>\n<p>[\/et_pb_text][et_pb_text _builder_version=&#8221;4.8.2&#8243; _module_preset=&#8221;default&#8221; header_text_color=&#8221;#000000&#8243; header_font_size=&#8221;63px&#8221; custom_margin=&#8221;0px||||false|false&#8221; custom_padding=&#8221;0px||||false|false&#8221; text_font_size_tablet=&#8221;&#8221; text_font_size_phone=&#8221;16px&#8221; text_font_size_last_edited=&#8221;on|phone&#8221; header_font_size_tablet=&#8221;48px&#8221; header_font_size_phone=&#8221;31px&#8221; header_font_size_last_edited=&#8221;on|phone&#8221; global_colors_info=&#8221;{}&#8221;]<\/p>\n<div class=\"wpb_text_column wpb_content_element\">\n<div class=\"wpb_wrapper\">\n<p><span>Alta l\u00f6yd\u00e4t mallien mitat ja kuvat, joissa heill\u00e4 on p\u00e4\u00e4ll\u00e4\u00e4n suurin osa saatavilla olevista kokoluokista. Tutkiskele rauhassa ja kysy mik\u00e4li kaipaat viel\u00e4 lis\u00e4\u00e4 informaatiota.<\/span><\/p>\n<\/div>\n<\/div>\n<p>&nbsp;<\/p>\n<p>[\/et_pb_text][\/et_pb_column][\/et_pb_row][et_pb_row _builder_version=&#8221;4.6.6&#8243; _module_preset=&#8221;default&#8221; global_colors_info=&#8221;{}&#8221;][et_pb_column type=&#8221;4_4&#8243; _builder_version=&#8221;4.6.6&#8243; _module_preset=&#8221;default&#8221; global_colors_info=&#8221;{}&#8221;][et_pb_text _builder_version=&#8221;4.6.6&#8243; _module_preset=&#8221;default&#8221; custom_margin=&#8221;||0px||false|false&#8221; custom_padding=&#8221;||0px||false|false&#8221; global_colors_info=&#8221;{}&#8221;]<\/p>\n<h2 style=\"text-align: center;\">UNISEX T-SHIRT<\/h2>\n<p>[\/et_pb_text][\/et_pb_column][\/et_pb_row][et_pb_row column_structure=&#8221;1_2,1_2&#8243; _builder_version=&#8221;4.6.6&#8243; _module_preset=&#8221;default&#8221; custom_margin=&#8221;0px||0px||false|false&#8221; custom_padding=&#8221;0px||0px||false|false&#8221; global_colors_info=&#8221;{}&#8221;][et_pb_column type=&#8221;1_2&#8243; _builder_version=&#8221;4.6.6&#8243; _module_preset=&#8221;default&#8221; global_colors_info=&#8221;{}&#8221;][et_pb_gallery gallery_ids=&#8221;4281,4282,4283,4284,4285&#8243; fullwidth=&#8221;on&#8221; _builder_version=&#8221;4.6.6&#8243; _module_preset=&#8221;default&#8221; global_colors_info=&#8221;{}&#8221;][\/et_pb_gallery][et_pb_text _builder_version=&#8221;4.8.2&#8243; _module_preset=&#8221;default&#8221; custom_margin=&#8221;0px||||false|false&#8221; custom_padding=&#8221;0px||||false|false&#8221; global_colors_info=&#8221;{}&#8221;]<\/p>\n<h5 style=\"text-align: center;\">MALLIN PITUUS 160CM.<\/h5>\n<p>[\/et_pb_text][\/et_pb_column][et_pb_column type=&#8221;1_2&#8243; _builder_version=&#8221;4.6.6&#8243; _module_preset=&#8221;default&#8221; global_colors_info=&#8221;{}&#8221;][et_pb_gallery gallery_ids=&#8221;4287,4288,4289,4290,4291&#8243; fullwidth=&#8221;on&#8221; _builder_version=&#8221;4.6.6&#8243; _module_preset=&#8221;default&#8221; global_colors_info=&#8221;{}&#8221;][\/et_pb_gallery][et_pb_text _builder_version=&#8221;4.8.2&#8243; _module_preset=&#8221;default&#8221; custom_margin=&#8221;0px||||false|false&#8221; custom_padding=&#8221;0px||||false|false&#8221; global_colors_info=&#8221;{}&#8221;]<\/p>\n<h5 style=\"text-align: center;\">MALLIN PITUUS 186CM.<\/h5>\n<p>[\/et_pb_text][\/et_pb_column][\/et_pb_row][et_pb_row _builder_version=&#8221;4.6.6&#8243; _module_preset=&#8221;default&#8221; global_colors_info=&#8221;{}&#8221;][et_pb_column type=&#8221;4_4&#8243; _builder_version=&#8221;4.6.6&#8243; _module_preset=&#8221;default&#8221; global_colors_info=&#8221;{}&#8221;][et_pb_text _builder_version=&#8221;4.6.6&#8243; _module_preset=&#8221;default&#8221; custom_margin=&#8221;50px||0px||false|false&#8221; custom_padding=&#8221;||0px||false|false&#8221; global_colors_info=&#8221;{}&#8221;]<\/p>\n<h2 style=\"text-align: center;\">UNISEX SWEATSHIRT<\/h2>\n<p>[\/et_pb_text][\/et_pb_column][\/et_pb_row][et_pb_row column_structure=&#8221;1_2,1_2&#8243; _builder_version=&#8221;4.6.6&#8243; _module_preset=&#8221;default&#8221; custom_margin=&#8221;0px||0px||false|false&#8221; custom_padding=&#8221;0px||0px||false|false&#8221; global_colors_info=&#8221;{}&#8221;][et_pb_column type=&#8221;1_2&#8243; _builder_version=&#8221;4.6.6&#8243; _module_preset=&#8221;default&#8221; global_colors_info=&#8221;{}&#8221;][et_pb_gallery gallery_ids=&#8221;4270,4271,4272,4273,4274&#8243; fullwidth=&#8221;on&#8221; _builder_version=&#8221;4.6.6&#8243; _module_preset=&#8221;default&#8221; global_colors_info=&#8221;{}&#8221;][\/et_pb_gallery][et_pb_text _builder_version=&#8221;4.8.2&#8243; _module_preset=&#8221;default&#8221; custom_margin=&#8221;0px||||false|false&#8221; custom_padding=&#8221;0px||||false|false&#8221; global_colors_info=&#8221;{}&#8221;]<\/p>\n<h5 style=\"text-align: center;\">MALLIN PITUUS 160CM.<\/h5>\n<p>[\/et_pb_text][\/et_pb_column][et_pb_column type=&#8221;1_2&#8243; _builder_version=&#8221;4.6.6&#8243; _module_preset=&#8221;default&#8221; global_colors_info=&#8221;{}&#8221;][et_pb_gallery gallery_ids=&#8221;4276,4277,4278,4279&#8243; fullwidth=&#8221;on&#8221; _builder_version=&#8221;4.6.6&#8243; _module_preset=&#8221;default&#8221; global_colors_info=&#8221;{}&#8221;][\/et_pb_gallery][et_pb_text _builder_version=&#8221;4.8.2&#8243; _module_preset=&#8221;default&#8221; custom_margin=&#8221;0px||||false|false&#8221; custom_padding=&#8221;0px||||false|false&#8221; global_colors_info=&#8221;{}&#8221;]<\/p>\n<h5 style=\"text-align: center;\">MALLIN PITUUS 186CM.<\/h5>\n<p>[\/et_pb_text][\/et_pb_column][\/et_pb_row][et_pb_row _builder_version=&#8221;4.6.6&#8243; _module_preset=&#8221;default&#8221; global_colors_info=&#8221;{}&#8221;][et_pb_column type=&#8221;4_4&#8243; _builder_version=&#8221;4.6.6&#8243; _module_preset=&#8221;default&#8221; global_colors_info=&#8221;{}&#8221;][et_pb_text _builder_version=&#8221;4.11.2&#8243; _module_preset=&#8221;default&#8221; custom_margin=&#8221;50px||0px||false|false&#8221; custom_padding=&#8221;||0px||false|false&#8221; global_colors_info=&#8221;{}&#8221;]<\/p>\n<h2 style=\"text-align: center;\">UNISEX HOODIE<\/h2>\n<p>[\/et_pb_text][\/et_pb_column][\/et_pb_row][et_pb_row column_structure=&#8221;1_2,1_2&#8243; _builder_version=&#8221;4.6.6&#8243; _module_preset=&#8221;default&#8221; custom_margin=&#8221;0px||0px||false|false&#8221; custom_padding=&#8221;0px||0px||false|false&#8221; global_colors_info=&#8221;{}&#8221;][et_pb_column type=&#8221;1_2&#8243; _builder_version=&#8221;4.6.6&#8243; _module_preset=&#8221;default&#8221; global_colors_info=&#8221;{}&#8221;][et_pb_gallery gallery_ids=&#8221;231038,231034,231032,231030,231036,231040&#8243; fullwidth=&#8221;on&#8221; _builder_version=&#8221;4.11.2&#8243; _module_preset=&#8221;default&#8221; global_colors_info=&#8221;{}&#8221;][\/et_pb_gallery][et_pb_text _builder_version=&#8221;4.11.2&#8243; _module_preset=&#8221;default&#8221; custom_margin=&#8221;0px||||false|false&#8221; custom_padding=&#8221;0px||||false|false&#8221; global_colors_info=&#8221;{}&#8221;]<\/p>\n<h5 style=\"text-align: center;\">MALLIN PITUUS 172CM.<\/h5>\n<p>[\/et_pb_text][\/et_pb_column][et_pb_column type=&#8221;1_2&#8243; _builder_version=&#8221;4.6.6&#8243; _module_preset=&#8221;default&#8221; global_colors_info=&#8221;{}&#8221;][et_pb_gallery gallery_ids=&#8221;231020,231022,231024,231026,231028&#8243; fullwidth=&#8221;on&#8221; _builder_version=&#8221;4.11.2&#8243; _module_preset=&#8221;default&#8221; global_colors_info=&#8221;{}&#8221;][\/et_pb_gallery][et_pb_text _builder_version=&#8221;4.11.2&#8243; _module_preset=&#8221;default&#8221; custom_margin=&#8221;0px||||false|false&#8221; custom_padding=&#8221;0px||||false|false&#8221; global_colors_info=&#8221;{}&#8221;]<\/p>\n<h5 style=\"text-align: center;\">MALLIN PITUUS 179CM.<\/h5>\n<p>[\/et_pb_text][\/et_pb_column][\/et_pb_row][et_pb_row column_structure=&#8221;1_2,1_2&#8243; _builder_version=&#8221;4.6.6&#8243; _module_preset=&#8221;default&#8221; custom_margin=&#8221;0px||0px||false|false&#8221; custom_padding=&#8221;0px||0px||false|false&#8221; global_colors_info=&#8221;{}&#8221;][et_pb_column type=&#8221;1_2&#8243; _builder_version=&#8221;4.6.6&#8243; _module_preset=&#8221;default&#8221; global_colors_info=&#8221;{}&#8221;][et_pb_gallery gallery_ids=&#8221;231250,231244,231240,231234,231248,231254&#8243; fullwidth=&#8221;on&#8221; _builder_version=&#8221;4.14.7&#8243; _module_preset=&#8221;default&#8221; global_colors_info=&#8221;{}&#8221;][\/et_pb_gallery][et_pb_text _builder_version=&#8221;4.14.7&#8243; _module_preset=&#8221;default&#8221; custom_margin=&#8221;0px||||false|false&#8221; custom_padding=&#8221;0px||||false|false&#8221; global_colors_info=&#8221;{}&#8221;]<\/p>\n<h5 style=\"text-align: center;\">MALLIN PITUUS 172CM.<\/h5>\n<p>[\/et_pb_text][\/et_pb_column][et_pb_column type=&#8221;1_2&#8243; _builder_version=&#8221;4.6.6&#8243; _module_preset=&#8221;default&#8221; global_colors_info=&#8221;{}&#8221;][et_pb_gallery gallery_ids=&#8221;231242,231238,231232,231246,231252&#8243; fullwidth=&#8221;on&#8221; _builder_version=&#8221;4.14.7&#8243; _module_preset=&#8221;default&#8221; hover_enabled=&#8221;0&#8243; global_colors_info=&#8221;{}&#8221; sticky_enabled=&#8221;0&#8243;][\/et_pb_gallery][et_pb_text _builder_version=&#8221;4.14.7&#8243; _module_preset=&#8221;default&#8221; custom_margin=&#8221;0px||||false|false&#8221; custom_padding=&#8221;0px||||false|false&#8221; global_colors_info=&#8221;{}&#8221;]<\/p>\n<h5 style=\"text-align: center;\">MALLIN PITUUS 186CM.<\/h5>\n<p>[\/et_pb_text][\/et_pb_column][\/et_pb_row][\/et_pb_section]<\/p>","protected":false},"excerpt":{"rendered":"<p>\u2018KLAIMET\u00ae SIZE GUIDE Welcome to the \u2018Klaimet\u00ae size guide. We know it can be a struggle to figure your perfect size. Let us do our best to help you with that issue and hopefully you\u2019ll have a better idea about the fits of our garments with this size guide. &nbsp; Below you can find the [&hellip;]<\/p>","protected":false},"author":1,"featured_media":0,"parent":0,"menu_order":0,"comment_status":"closed","ping_status":"closed","template":"","meta":{"_et_pb_use_builder":"on","_et_pb_old_content":"<p>[vc_row][vc_column width=\"1\/6\"][\/vc_column][vc_column width=\"2\/3\" offset=\"vc_hidden-sm vc_hidden-xs\"][vc_empty_space height=\"75px\"][vc_column_text]<\/p><h1 style=\"text-align: center;\">'KLAIMET\u00ae SIZE GUIDE<\/h1><p>[\/vc_column_text][vc_empty_space height=\"75px\"][vc_column_text]Welcome to the 'Klaimet\u00ae size guide. We know it's sometimes a struggle to figure out what is the perfect size for you. For that reason, we try our best to help you with that issue and hopefully you'll have a better idea about the fits of our garments with this size guide.[\/vc_column_text][vc_empty_space][vc_column_text]Below you can find the basic measures of our models and pictures of them wearing almost all of the sizes. Feel free to browse around and don't hesitate to send us questions about our fits or anything else.[\/vc_column_text][vc_empty_space height=\"125px\"][\/vc_column][vc_column width=\"1\/6\"][\/vc_column][\/vc_row][vc_row content_width=\"grid\"][vc_column width=\"1\/6\"][\/vc_column][vc_column width=\"2\/3\" offset=\"vc_hidden-lg vc_hidden-md\"][vc_empty_space height=\"75px\"][vc_column_text]<\/p><h1 style=\"text-align: left;\">'KLAIMET\u00ae SIZE GUIDE<\/h1><p>[\/vc_column_text][vc_empty_space][vc_column_text]Welcome to the 'Klaimet\u00ae size guide. We know it's sometimes a struggle to figure out what is the perfect size for you. For that reason, we try our best to help you with that issue and hopefully you'll have a better idea about the fits our garments with this size guide.[\/vc_column_text][vc_empty_space][vc_column_text]Below you can find the basic measures of our models and pictures of them wearing almost all of the sizes. Feel free to browse around and don't hesitate to send us questions about our fits or anything else.[\/vc_column_text][vc_empty_space height=\"75px\"][\/vc_column][vc_column width=\"1\/6\"][\/vc_column][\/vc_row][vc_row][vc_column offset=\"vc_hidden-sm vc_hidden-xs\"][vc_column_text]<\/p><h2 style=\"text-align: center;\">T-SHIRT<\/h2><p>[\/vc_column_text][vc_empty_space height=\"50px\"][\/vc_column][\/vc_row][vc_row][vc_column offset=\"vc_hidden-lg vc_hidden-md\"][vc_column_text]<\/p><h2 style=\"text-align: center;\">T-SHIRT<\/h2><p>[\/vc_column_text][vc_empty_space height=\"50px\"][\/vc_column][\/vc_row][vc_row content_width=\"grid\"][vc_column width=\"1\/2\" offset=\"vc_hidden-sm vc_hidden-xs\"][vc_gallery interval=\"5\" images=\"4281,4282,4283,4284,4285\" img_size=\"large\" css=\".vc_custom_1599737963058{padding-right: 20px !important;padding-left: 80px !important;}\"][vc_column_text]<\/p><h5 style=\"text-align: center; padding-left: 40px;\">Model's height is 160cm.<\/h5><p>[\/vc_column_text][\/vc_column][vc_column width=\"1\/2\" offset=\"vc_hidden-sm vc_hidden-xs\"][vc_gallery interval=\"5\" images=\"4287,4288,4289,4290,4291\" img_size=\"large\" css=\".vc_custom_1599738501440{padding-right: 80px !important;padding-left: 20px !important;}\"][vc_column_text]<\/p><h5 style=\"text-align: center;\">Model's height is 186cm.<\/h5><p>[\/vc_column_text][\/vc_column][vc_column offset=\"vc_hidden-sm vc_hidden-xs\"][vc_empty_space height=\"100px\"][vc_column_text]<\/p><h2 style=\"text-align: center;\">SWEATSHIRT<\/h2><p>[\/vc_column_text][vc_empty_space height=\"50px\"][\/vc_column][\/vc_row][vc_row content_width=\"grid\"][vc_column width=\"1\/2\" offset=\"vc_hidden-lg vc_hidden-md\"][vc_gallery interval=\"5\" images=\"4281,4282,4283,4284,4285\" img_size=\"large\" css=\".vc_custom_1600067498241{padding-right: 20px !important;padding-left: 20px !important;}\"][vc_column_text]<\/p><h5 style=\"text-align: center; padding-left: 40px;\">Model's height is 160cm.<\/h5><p>[\/vc_column_text][\/vc_column][vc_column width=\"1\/2\" offset=\"vc_hidden-lg vc_hidden-md\"][vc_empty_space height=\"50px\"][vc_gallery interval=\"5\" images=\"4287,4288,4289,4290,4291\" img_size=\"large\" css=\".vc_custom_1600067506274{padding-right: 20px !important;padding-left: 20px !important;}\"][vc_column_text]<\/p><h5 style=\"text-align: center;\">Model's height is 186cm.<\/h5><p>[\/vc_column_text][\/vc_column][vc_column offset=\"vc_hidden-lg vc_hidden-md\"][vc_empty_space height=\"75px\"][vc_column_text]<\/p><h2 style=\"text-align: center;\">SWEATSHIRT<\/h2><p>[\/vc_column_text][vc_empty_space height=\"50px\"][\/vc_column][\/vc_row][vc_row content_width=\"grid\"][vc_column width=\"1\/2\" offset=\"vc_hidden-sm vc_hidden-xs\"][vc_gallery interval=\"5\" images=\"4270,4271,4272,4273,4274\" img_size=\"large\" css=\".vc_custom_1599736323277{padding-right: 20px !important;padding-left: 80px !important;}\"][vc_column_text]<\/p><h5 style=\"text-align: center; padding-left: 40px;\">Model's height is 160cm.<\/h5><p>[\/vc_column_text][\/vc_column][vc_column width=\"1\/2\" offset=\"vc_hidden-sm vc_hidden-xs\"][vc_gallery interval=\"5\" images=\"4276,4277,4278,4279\" img_size=\"large\" css=\".vc_custom_1599737187070{padding-right: 80px !important;padding-left: 20px !important;}\"][vc_column_text]<\/p><h5 style=\"text-align: center;\">Model's height is 186cm.<\/h5><p>[\/vc_column_text][\/vc_column][\/vc_row][vc_row content_width=\"grid\"][vc_column width=\"1\/2\" offset=\"vc_hidden-lg vc_hidden-md\"][vc_gallery interval=\"5\" images=\"4270,4271,4272,4273,4274\" img_size=\"large\" css=\".vc_custom_1600067674095{padding-right: 20px !important;padding-left: 20px !important;}\"][vc_column_text]<\/p><h5 style=\"text-align: center; padding-left: 40px;\">Model's height is 160cm.<\/h5><p>[\/vc_column_text][\/vc_column][vc_column width=\"1\/2\" offset=\"vc_hidden-lg vc_hidden-md\"][vc_empty_space height=\"50px\"][vc_gallery interval=\"5\" images=\"4276,4277,4278,4279\" img_size=\"large\" css=\".vc_custom_1600067666620{padding-right: 20px !important;padding-left: 20px !important;}\"][vc_column_text]<\/p><h5 style=\"text-align: center;\">Model's height is 186cm.<\/h5><p>[\/vc_column_text][\/vc_column][\/vc_row][vc_row][vc_column][vc_empty_space height=\"150px\"][\/vc_column][\/vc_row]<\/p>","_et_gb_content_width":"","footnotes":""},"class_list":["post-4303","page","type-page","status-publish","hentry"],"yoast_head":"<!-- This site is optimized with the Yoast SEO plugin v26.9 - https:\/\/yoast.com\/product\/yoast-seo-wordpress\/ -->\n<title>Size guide - Klaimet<\/title>\n<meta name=\"robots\" content=\"index, follow, max-snippet:-1, max-image-preview:large, max-video-preview:-1\" \/>\n<link rel=\"canonical\" href=\"https:\/\/www.klaimet.com\/fi\/size-guide\/\" \/>\n<meta property=\"og:locale\" content=\"fi_FI\" \/>\n<meta property=\"og:type\" content=\"article\" \/>\n<meta property=\"og:title\" content=\"Size guide - Klaimet\" \/>\n<meta property=\"og:description\" content=\"\u2018KLAIMET\u00ae SIZE GUIDE Welcome to the \u2018Klaimet\u00ae size guide. We know it can be a struggle to figure your perfect size. Let us do our best to help you with that issue and hopefully you\u2019ll have a better idea about the fits of our garments with this size guide. &nbsp; Below you can find the [&hellip;]\" \/>\n<meta property=\"og:url\" content=\"https:\/\/www.klaimet.com\/fi\/size-guide\/\" \/>\n<meta property=\"og:site_name\" content=\"Klaimet\" \/>\n<meta property=\"article:publisher\" content=\"https:\/\/www.facebook.com\/Klaimet\/\" \/>\n<meta property=\"article:modified_time\" content=\"2022-05-05T07:53:32+00:00\" \/>\n<meta name=\"twitter:card\" content=\"summary_large_image\" \/>\n<meta name=\"twitter:label1\" content=\"Arvioitu lukuaika\" \/>\n\t<meta name=\"twitter:data1\" content=\"5 minuuttia\" \/>\n<script type=\"application\/ld+json\" class=\"yoast-schema-graph\">{\"@context\":\"https:\/\/schema.org\",\"@graph\":[{\"@type\":\"WebPage\",\"@id\":\"https:\/\/www.klaimet.com\/size-guide\/\",\"url\":\"https:\/\/www.klaimet.com\/size-guide\/\",\"name\":\"Size guide - Klaimet\",\"isPartOf\":{\"@id\":\"https:\/\/www.klaimet.com\/#website\"},\"datePublished\":\"2020-09-14T06:45:19+00:00\",\"dateModified\":\"2022-05-05T07:53:32+00:00\",\"breadcrumb\":{\"@id\":\"https:\/\/www.klaimet.com\/size-guide\/#breadcrumb\"},\"inLanguage\":\"fi\",\"potentialAction\":[{\"@type\":\"ReadAction\",\"target\":[\"https:\/\/www.klaimet.com\/size-guide\/\"]}]},{\"@type\":\"BreadcrumbList\",\"@id\":\"https:\/\/www.klaimet.com\/size-guide\/#breadcrumb\",\"itemListElement\":[{\"@type\":\"ListItem\",\"position\":1,\"name\":\"Home\",\"item\":\"https:\/\/www.klaimet.com\/\"},{\"@type\":\"ListItem\",\"position\":2,\"name\":\"Size guide\"}]},{\"@type\":\"WebSite\",\"@id\":\"https:\/\/www.klaimet.com\/#website\",\"url\":\"https:\/\/www.klaimet.com\/\",\"name\":\"Klaimet\",\"description\":\"Clothes made from recycled materials\",\"potentialAction\":[{\"@type\":\"SearchAction\",\"target\":{\"@type\":\"EntryPoint\",\"urlTemplate\":\"https:\/\/www.klaimet.com\/?s={search_term_string}\"},\"query-input\":{\"@type\":\"PropertyValueSpecification\",\"valueRequired\":true,\"valueName\":\"search_term_string\"}}],\"inLanguage\":\"fi\"}]}<\/script>\n<!-- \/ Yoast SEO plugin. -->","yoast_head_json":{"title":"Size guide - Klaimet","robots":{"index":"index","follow":"follow","max-snippet":"max-snippet:-1","max-image-preview":"max-image-preview:large","max-video-preview":"max-video-preview:-1"},"canonical":"https:\/\/www.klaimet.com\/fi\/size-guide\/","og_locale":"fi_FI","og_type":"article","og_title":"Size guide - Klaimet","og_description":"\u2018KLAIMET\u00ae SIZE GUIDE Welcome to the \u2018Klaimet\u00ae size guide. We know it can be a struggle to figure your perfect size. Let us do our best to help you with that issue and hopefully you\u2019ll have a better idea about the fits of our garments with this size guide. &nbsp; Below you can find the [&hellip;]","og_url":"https:\/\/www.klaimet.com\/fi\/size-guide\/","og_site_name":"Klaimet","article_publisher":"https:\/\/www.facebook.com\/Klaimet\/","article_modified_time":"2022-05-05T07:53:32+00:00","twitter_card":"summary_large_image","twitter_misc":{"Arvioitu lukuaika":"5 minuuttia"},"schema":{"@context":"https:\/\/schema.org","@graph":[{"@type":"WebPage","@id":"https:\/\/www.klaimet.com\/size-guide\/","url":"https:\/\/www.klaimet.com\/size-guide\/","name":"Size guide - Klaimet","isPartOf":{"@id":"https:\/\/www.klaimet.com\/#website"},"datePublished":"2020-09-14T06:45:19+00:00","dateModified":"2022-05-05T07:53:32+00:00","breadcrumb":{"@id":"https:\/\/www.klaimet.com\/size-guide\/#breadcrumb"},"inLanguage":"fi","potentialAction":[{"@type":"ReadAction","target":["https:\/\/www.klaimet.com\/size-guide\/"]}]},{"@type":"BreadcrumbList","@id":"https:\/\/www.klaimet.com\/size-guide\/#breadcrumb","itemListElement":[{"@type":"ListItem","position":1,"name":"Home","item":"https:\/\/www.klaimet.com\/"},{"@type":"ListItem","position":2,"name":"Size guide"}]},{"@type":"WebSite","@id":"https:\/\/www.klaimet.com\/#website","url":"https:\/\/www.klaimet.com\/","name":"Klaimet","description":"Clothes made from recycled materials","potentialAction":[{"@type":"SearchAction","target":{"@type":"EntryPoint","urlTemplate":"https:\/\/www.klaimet.com\/?s={search_term_string}"},"query-input":{"@type":"PropertyValueSpecification","valueRequired":true,"valueName":"search_term_string"}}],"inLanguage":"fi"}]}},"_links":{"self":[{"href":"https:\/\/www.klaimet.com\/fi\/wp-json\/wp\/v2\/pages\/4303","targetHints":{"allow":["GET"]}}],"collection":[{"href":"https:\/\/www.klaimet.com\/fi\/wp-json\/wp\/v2\/pages"}],"about":[{"href":"https:\/\/www.klaimet.com\/fi\/wp-json\/wp\/v2\/types\/page"}],"author":[{"embeddable":true,"href":"https:\/\/www.klaimet.com\/fi\/wp-json\/wp\/v2\/users\/1"}],"replies":[{"embeddable":true,"href":"https:\/\/www.klaimet.com\/fi\/wp-json\/wp\/v2\/comments?post=4303"}],"version-history":[{"count":2,"href":"https:\/\/www.klaimet.com\/fi\/wp-json\/wp\/v2\/pages\/4303\/revisions"}],"predecessor-version":[{"id":333868,"href":"https:\/\/www.klaimet.com\/fi\/wp-json\/wp\/v2\/pages\/4303\/revisions\/333868"}],"wp:attachment":[{"href":"https:\/\/www.klaimet.com\/fi\/wp-json\/wp\/v2\/media?parent=4303"}],"curies":[{"name":"wp","href":"https:\/\/api.w.org\/{rel}","templated":true}]}}