{"id":334273,"date":"2024-09-27T17:37:26","date_gmt":"2024-09-27T17:37:26","guid":{"rendered":"https:\/\/www.klaimet.com\/?page_id=334273"},"modified":"2024-12-13T06:21:10","modified_gmt":"2024-12-13T06:21:10","slug":"specials","status":"publish","type":"page","link":"https:\/\/www.klaimet.com\/fi\/specials\/","title":{"rendered":"Specials"},"content":{"rendered":"<p>[et_pb_section fb_built=&#8221;1&#8243; custom_padding_last_edited=&#8221;on|phone&#8221; _builder_version=&#8221;4.16&#8243; background_image=&#8221;https:\/\/www.klaimet.com\/wp-content\/uploads\/2021\/07\/background.jpg&#8221; background_position=&#8221;top_center&#8221; width=&#8221;100%&#8221; height=&#8221;429px&#8221; custom_margin=&#8221;||0px|0px|false|false&#8221; custom_padding=&#8221;22vw||0px|0px|false|false&#8221; custom_padding_tablet=&#8221;30vw||||false|false&#8221; custom_padding_phone=&#8221;50vw||||false|false&#8221; locked=&#8221;off&#8221; global_colors_info=&#8221;{}&#8221;][\/et_pb_section][et_pb_section fb_built=&#8221;1&#8243; admin_label=&#8221;section&#8221; _builder_version=&#8221;4.16&#8243; custom_margin=&#8221;0px|||0px|false|false&#8221; custom_padding=&#8221;0px|||0px|false|false&#8221; global_colors_info=&#8221;{}&#8221;][et_pb_row _builder_version=&#8221;4.27.4&#8243; vertical_offset=&#8221;20px&#8221; max_width=&#8221;none&#8221; hover_enabled=&#8221;0&#8243; global_colors_info=&#8221;{}&#8221; sticky_enabled=&#8221;0&#8243;][et_pb_column type=&#8221;4_4&#8243; _builder_version=&#8221;4.16&#8243; global_colors_info=&#8221;{}&#8221;][et_pb_text _builder_version=&#8221;4.27.4&#8243; text_font=&#8221;Abel|500|||||||&#8221; text_text_color=&#8221;#000000&#8243; text_font_size=&#8221;4vw&#8221; text_line_height=&#8221;1em&#8221; position_origin_r=&#8221;bottom_left&#8221; z_index=&#8221;1&#8243; text_orientation=&#8221;center&#8221; custom_margin=&#8221;|40px||40px|false|true&#8221; custom_margin_tablet=&#8221;&#8221; custom_margin_phone=&#8221;|0px||0px|false|true&#8221; custom_margin_last_edited=&#8221;on|phone&#8221; animation_style=&#8221;flip&#8221; animation_duration=&#8221;1500ms&#8221; text_font_size_tablet=&#8221;7vw&#8221; text_font_size_phone=&#8221;10vw&#8221; text_font_size_last_edited=&#8221;on|tablet&#8221; text_text_align=&#8221;center&#8221; locked=&#8221;off&#8221; global_colors_info=&#8221;{}&#8221;]<\/p>\n<p style=\"text-align: center;\">UNISEX &amp; 100% KIERR\u00c4TETTY<\/p>\n<p>[\/et_pb_text][\/et_pb_column][\/et_pb_row][et_pb_row disabled_on=&#8221;off|on|on&#8221; _builder_version=&#8221;4.16&#8243; _module_preset=&#8221;default&#8221; background_color=&#8221;#FFFFFF&#8221; width=&#8221;100%&#8221; custom_margin=&#8221;||0px||false|false&#8221; custom_padding=&#8221;||10px||false|false&#8221; sticky_position=&#8221;top&#8221; border_width_top_tablet=&#8221;&#8221; border_width_top_phone=&#8221;2px&#8221; border_width_top_last_edited=&#8221;on|phone&#8221; global_colors_info=&#8221;{}&#8221;][et_pb_column type=&#8221;4_4&#8243; _builder_version=&#8221;4.16&#8243; _module_preset=&#8221;default&#8221; custom_padding=&#8221;0px||0px||false|false&#8221; global_colors_info=&#8221;{}&#8221;][et_pb_text disabled_on=&#8221;off|on|on&#8221; _builder_version=&#8221;4.16&#8243; _module_preset=&#8221;default&#8221; text_font=&#8221;Abel||||||||&#8221; custom_margin=&#8221;||0px||false|false&#8221; custom_padding=&#8221;10px||0px||false|false&#8221; sticky_position=&#8221;top&#8221; sticky_offset_surrounding=&#8221;off&#8221; scroll_vertical_motion_enable=&#8221;off&#8221; motion_trigger_start=&#8221;top&#8221; sticky_position_tablet=&#8221;&#8221; sticky_position_phone=&#8221;top&#8221; sticky_position_last_edited=&#8221;on|phone&#8221; global_colors_info=&#8221;{}&#8221; custom_css_main_element_last_edited=&#8221;on|phone&#8221; custom_css_main_element_phone=&#8221;width: 49%!important;||float:left!important;&#8221;]<\/p>\n<p style=\"text-align: right;\"><span style=\"color: #000000;\">HUPPARIT<\/span><\/p>\n<p>[\/et_pb_text][et_pb_menu menu_id=&#8221;391&#8243; menu_style=&#8221;centered&#8221; active_link_color=&#8221;#000000&#8243; _builder_version=&#8221;4.16&#8243; _module_preset=&#8221;default&#8221; custom_margin=&#8221;||0px||false|false&#8221; custom_margin_tablet=&#8221;&#8221; custom_margin_phone=&#8221;&#8221; custom_margin_last_edited=&#8221;on|desktop&#8221; custom_padding=&#8221;10px||0px||false|false&#8221; sticky_position=&#8221;top&#8221; sticky_limit_bottom=&#8221;section&#8221; global_colors_info=&#8221;{}&#8221; custom_margin__hover_enabled=&#8221;off|desktop&#8221; custom_css_main_element_last_edited=&#8221;on|phone&#8221; custom_css_main_element_phone=&#8221;width: 49%!important;||float:left!important;&#8221;][\/et_pb_menu][\/et_pb_column][\/et_pb_row][et_pb_row make_equal=&#8221;on&#8221; custom_padding_last_edited=&#8221;on|phone&#8221; admin_label=&#8221;row&#8221; _builder_version=&#8221;4.16&#8243; background_size=&#8221;initial&#8221; background_position=&#8221;top_left&#8221; background_repeat=&#8221;repeat&#8221; position_origin_a_tablet=&#8221;&#8221; position_origin_a_phone=&#8221;&#8221; position_origin_a_last_edited=&#8221;on|phone&#8221; position_origin_f_tablet=&#8221;&#8221; position_origin_f_phone=&#8221;&#8221; position_origin_f_last_edited=&#8221;on|phone&#8221; position_origin_r_tablet=&#8221;&#8221; position_origin_r_phone=&#8221;&#8221; position_origin_r_last_edited=&#8221;on|phone&#8221; width=&#8221;75%&#8221; width_tablet=&#8221;100%&#8221; width_phone=&#8221;&#8221; width_last_edited=&#8221;on|phone&#8221; max_width=&#8221;98%&#8221; max_width_tablet=&#8221;100%&#8221; max_width_phone=&#8221;100%&#8221; max_width_last_edited=&#8221;on|desktop&#8221; module_alignment=&#8221;center&#8221; custom_margin=&#8221;20px|0px||10px|false|false&#8221; custom_margin_tablet=&#8221;|||0px|false|false&#8221; custom_margin_phone=&#8221;0px|0px||0px|false|false&#8221; custom_margin_last_edited=&#8221;on|desktop&#8221; custom_padding=&#8221;20px||||false|false&#8221; custom_padding_tablet=&#8221;|20px||20px|false|false&#8221; custom_padding_phone=&#8221;|10px||10px|false|false&#8221; positioning_tablet=&#8221;&#8221; positioning_phone=&#8221;none&#8221; positioning_last_edited=&#8221;on|phone&#8221; z_index_tablet=&#8221;&#8221; z_index_phone=&#8221;&#8221; z_index_last_edited=&#8221;on|phone&#8221; global_colors_info=&#8221;{}&#8221;][et_pb_column type=&#8221;4_4&#8243; _builder_version=&#8221;4.16&#8243; custom_padding=&#8221;|||&#8221; global_colors_info=&#8221;{}&#8221; custom_padding__hover=&#8221;|||&#8221;][et_pb_menu menu_id=&#8221;391&#8243; menu_style=&#8221;centered&#8221; active_link_color=&#8221;#000000&#8243; disabled_on=&#8221;on|off|off&#8221; _builder_version=&#8221;4.16&#8243; _module_preset=&#8221;default&#8221; custom_margin=&#8221;||0px||false|false&#8221; custom_margin_tablet=&#8221;&#8221; custom_margin_phone=&#8221;&#8221; custom_margin_last_edited=&#8221;on|desktop&#8221; custom_padding=&#8221;10px||20px||false|false&#8221; sticky_position=&#8221;top&#8221; sticky_limit_bottom=&#8221;section&#8221; global_colors_info=&#8221;{}&#8221; custom_margin__hover_enabled=&#8221;off|desktop&#8221; custom_css_main_element_last_edited=&#8221;on|phone&#8221; custom_css_main_element_phone=&#8221;width: 49%!important;||float:left!important;&#8221;][\/et_pb_menu][et_pb_text _builder_version=&#8221;4.27.4&#8243; _module_preset=&#8221;default&#8221; custom_padding=&#8221;42px||||false|false&#8221; global_colors_info=&#8221;{}&#8221;]<\/p>\n<p>'Klaimet specials\u00ae on vaihtuva mallisto, joka esittelee  erilaisia taideteoksia sek\u00e4 taiteilijoita. Teokset ovat joskus rohkeita ja v\u00e4rikk\u00e4it\u00e4, joskus taas yksinkertaisia ja perinteisi\u00e4. Aina ne kuitenkin yhdist\u00e4v\u00e4t ja kertovat teosten sek\u00e4 'Klaimet tuotteiden tarinan.<\/p>\n<p>[\/et_pb_text][et_pb_text disabled_on=&#8221;on|on|on&#8221; _builder_version=&#8221;4.27.4&#8243; _module_preset=&#8221;default&#8221; disabled=&#8221;on&#8221; global_colors_info=&#8221;{}&#8221;]<\/p>\n<p>Products are on sale for a limited time only. No current collections but more is on the way.<\/p>\n<p>[\/et_pb_text][et_pb_shop type=&#8221;product_category&#8221; posts_number=&#8221;20&#8243; include_categories=&#8221;424&#8243; columns_number=&#8221;3&#8243; icon_hover_color=&#8221;rgba(255,255,255,0)&#8221; hover_overlay_color=&#8221;rgba(58,58,58,0.3)&#8221; _builder_version=&#8221;4.27.0&#8243; _module_preset=&#8221;default&#8221; custom_margin=&#8221;0px||||false|false&#8221; custom_padding=&#8221;0px||||false|false&#8221; global_colors_info=&#8221;{}&#8221;][\/et_pb_shop][et_pb_countdown_timer title=&#8221;Current &#8216;Klaimet specials\u00ae  collection still available for:&#8221; date_time=&#8221;2024-12-15 23:59&#8243; _builder_version=&#8221;4.27.4&#8243; _module_preset=&#8221;default&#8221; custom_padding=&#8221;12px||32px||false|false&#8221; global_colors_info=&#8221;{}&#8221;][\/et_pb_countdown_timer][\/et_pb_column][\/et_pb_row][et_pb_row _builder_version=&#8221;4.27.0&#8243; _module_preset=&#8221;default&#8221; global_colors_info=&#8221;{}&#8221;][et_pb_column type=&#8221;4_4&#8243; _builder_version=&#8221;4.27.0&#8243; _module_preset=&#8221;default&#8221; global_colors_info=&#8221;{}&#8221;][\/et_pb_column][\/et_pb_row][\/et_pb_section]<\/p>","protected":false},"excerpt":{"rendered":"<p>UNISEX &amp; 100% RECYCLEDHOODIES&#8217;Klaimet specials\u00ae is a changing collection, which features various works of art and artists. The visuals are sometimes bold and colourful, sometimes simple and traditional. But they always combine the stories of the artwork and &#8216;Klaimet clothing.Products are on sale for a limited time only. No current collections but more is on [&hellip;]<\/p>","protected":false},"author":1,"featured_media":0,"parent":0,"menu_order":0,"comment_status":"closed","ping_status":"closed","template":"","meta":{"_et_pb_use_builder":"on","_et_pb_old_content":"","_et_gb_content_width":"","footnotes":""},"class_list":["post-334273","page","type-page","status-publish","hentry"],"yoast_head":"<!-- This site is optimized with the Yoast SEO plugin v26.9 - https:\/\/yoast.com\/product\/yoast-seo-wordpress\/ -->\n<title>Specials - Klaimet<\/title>\n<meta name=\"robots\" content=\"index, follow, max-snippet:-1, max-image-preview:large, max-video-preview:-1\" \/>\n<link rel=\"canonical\" href=\"https:\/\/www.klaimet.com\/fi\/specials\/\" \/>\n<meta property=\"og:locale\" content=\"fi_FI\" \/>\n<meta property=\"og:type\" content=\"article\" \/>\n<meta property=\"og:title\" content=\"Specials - Klaimet\" \/>\n<meta property=\"og:description\" content=\"UNISEX &amp; 100% RECYCLEDHOODIES&#039;Klaimet specials\u00ae is a changing collection, which features various works of art and artists. The visuals are sometimes bold and colourful, sometimes simple and traditional. But they always combine the stories of the artwork and &#039;Klaimet clothing.Products are on sale for a limited time only. No current collections but more is on [&hellip;]\" \/>\n<meta property=\"og:url\" content=\"https:\/\/www.klaimet.com\/fi\/specials\/\" \/>\n<meta property=\"og:site_name\" content=\"Klaimet\" \/>\n<meta property=\"article:publisher\" content=\"https:\/\/www.facebook.com\/Klaimet\/\" \/>\n<meta property=\"article:modified_time\" content=\"2024-12-13T06:21:10+00:00\" \/>\n<meta name=\"twitter:card\" content=\"summary_large_image\" \/>\n<meta name=\"twitter:label1\" content=\"Arvioitu lukuaika\" \/>\n\t<meta name=\"twitter:data1\" content=\"1 minuutti\" \/>\n<script type=\"application\/ld+json\" class=\"yoast-schema-graph\">{\"@context\":\"https:\/\/schema.org\",\"@graph\":[{\"@type\":\"WebPage\",\"@id\":\"https:\/\/www.klaimet.com\/specials\/\",\"url\":\"https:\/\/www.klaimet.com\/specials\/\",\"name\":\"Specials - Klaimet\",\"isPartOf\":{\"@id\":\"https:\/\/www.klaimet.com\/#website\"},\"datePublished\":\"2024-09-27T17:37:26+00:00\",\"dateModified\":\"2024-12-13T06:21:10+00:00\",\"breadcrumb\":{\"@id\":\"https:\/\/www.klaimet.com\/specials\/#breadcrumb\"},\"inLanguage\":\"fi\",\"potentialAction\":[{\"@type\":\"ReadAction\",\"target\":[\"https:\/\/www.klaimet.com\/specials\/\"]}]},{\"@type\":\"BreadcrumbList\",\"@id\":\"https:\/\/www.klaimet.com\/specials\/#breadcrumb\",\"itemListElement\":[{\"@type\":\"ListItem\",\"position\":1,\"name\":\"Home\",\"item\":\"https:\/\/www.klaimet.com\/\"},{\"@type\":\"ListItem\",\"position\":2,\"name\":\"Specials\"}]},{\"@type\":\"WebSite\",\"@id\":\"https:\/\/www.klaimet.com\/#website\",\"url\":\"https:\/\/www.klaimet.com\/\",\"name\":\"Klaimet\",\"description\":\"Clothes made from recycled materials\",\"potentialAction\":[{\"@type\":\"SearchAction\",\"target\":{\"@type\":\"EntryPoint\",\"urlTemplate\":\"https:\/\/www.klaimet.com\/?s={search_term_string}\"},\"query-input\":{\"@type\":\"PropertyValueSpecification\",\"valueRequired\":true,\"valueName\":\"search_term_string\"}}],\"inLanguage\":\"fi\"}]}<\/script>\n<!-- \/ Yoast SEO plugin. -->","yoast_head_json":{"title":"Specials - Klaimet","robots":{"index":"index","follow":"follow","max-snippet":"max-snippet:-1","max-image-preview":"max-image-preview:large","max-video-preview":"max-video-preview:-1"},"canonical":"https:\/\/www.klaimet.com\/fi\/specials\/","og_locale":"fi_FI","og_type":"article","og_title":"Specials - Klaimet","og_description":"UNISEX &amp; 100% RECYCLEDHOODIES'Klaimet specials\u00ae is a changing collection, which features various works of art and artists. The visuals are sometimes bold and colourful, sometimes simple and traditional. But they always combine the stories of the artwork and 'Klaimet clothing.Products are on sale for a limited time only. No current collections but more is on [&hellip;]","og_url":"https:\/\/www.klaimet.com\/fi\/specials\/","og_site_name":"Klaimet","article_publisher":"https:\/\/www.facebook.com\/Klaimet\/","article_modified_time":"2024-12-13T06:21:10+00:00","twitter_card":"summary_large_image","twitter_misc":{"Arvioitu lukuaika":"1 minuutti"},"schema":{"@context":"https:\/\/schema.org","@graph":[{"@type":"WebPage","@id":"https:\/\/www.klaimet.com\/specials\/","url":"https:\/\/www.klaimet.com\/specials\/","name":"Specials - Klaimet","isPartOf":{"@id":"https:\/\/www.klaimet.com\/#website"},"datePublished":"2024-09-27T17:37:26+00:00","dateModified":"2024-12-13T06:21:10+00:00","breadcrumb":{"@id":"https:\/\/www.klaimet.com\/specials\/#breadcrumb"},"inLanguage":"fi","potentialAction":[{"@type":"ReadAction","target":["https:\/\/www.klaimet.com\/specials\/"]}]},{"@type":"BreadcrumbList","@id":"https:\/\/www.klaimet.com\/specials\/#breadcrumb","itemListElement":[{"@type":"ListItem","position":1,"name":"Home","item":"https:\/\/www.klaimet.com\/"},{"@type":"ListItem","position":2,"name":"Specials"}]},{"@type":"WebSite","@id":"https:\/\/www.klaimet.com\/#website","url":"https:\/\/www.klaimet.com\/","name":"Klaimet","description":"Clothes made from recycled materials","potentialAction":[{"@type":"SearchAction","target":{"@type":"EntryPoint","urlTemplate":"https:\/\/www.klaimet.com\/?s={search_term_string}"},"query-input":{"@type":"PropertyValueSpecification","valueRequired":true,"valueName":"search_term_string"}}],"inLanguage":"fi"}]}},"_links":{"self":[{"href":"https:\/\/www.klaimet.com\/fi\/wp-json\/wp\/v2\/pages\/334273","targetHints":{"allow":["GET"]}}],"collection":[{"href":"https:\/\/www.klaimet.com\/fi\/wp-json\/wp\/v2\/pages"}],"about":[{"href":"https:\/\/www.klaimet.com\/fi\/wp-json\/wp\/v2\/types\/page"}],"author":[{"embeddable":true,"href":"https:\/\/www.klaimet.com\/fi\/wp-json\/wp\/v2\/users\/1"}],"replies":[{"embeddable":true,"href":"https:\/\/www.klaimet.com\/fi\/wp-json\/wp\/v2\/comments?post=334273"}],"version-history":[{"count":13,"href":"https:\/\/www.klaimet.com\/fi\/wp-json\/wp\/v2\/pages\/334273\/revisions"}],"predecessor-version":[{"id":334321,"href":"https:\/\/www.klaimet.com\/fi\/wp-json\/wp\/v2\/pages\/334273\/revisions\/334321"}],"wp:attachment":[{"href":"https:\/\/www.klaimet.com\/fi\/wp-json\/wp\/v2\/media?parent=334273"}],"curies":[{"name":"wp","href":"https:\/\/api.w.org\/{rel}","templated":true}]}}